{"id":187,"date":"2011-04-08T01:04:17","date_gmt":"2011-04-08T01:04:17","guid":{"rendered":"https:\/\/edelmetaalsm.nl\/?page_id=187"},"modified":"2020-02-26T21:55:53","modified_gmt":"2020-02-26T21:55:53","slug":"edelsmederij","status":"publish","type":"page","link":"https:\/\/edelmetaalsm.nl\/de\/edelsmederij\/","title":{"rendered":"Goldschmiede"},"content":{"rendered":"<p>Edelmetall Schreuders-Moerkerken verf\u00fcgt \u00fcber langj\u00e4hrige Erfahrung in der Schmuckindustrie und ist daher Ihr vertrauensw\u00fcrdiger Partner f\u00fcr den Kauf und Verkauf von Edelmetallen f\u00fcr Gro\u00dfh\u00e4ndler. Der Ursprung stammt aus dem Jahr 1926, als die Schmiede Schreuders-Moerkerken in Rotterdam erstmalig ihre T\u00fcren \u00f6ffnete.<\/p>\n<p>Unser Team ist f\u00fcr Sie da! Wir sind Spezialisten, die Ihnen alles \u00fcber Edelmetalle erz\u00e4hlen k\u00f6nnen.<\/p>","protected":false},"excerpt":{"rendered":"<p>Edelmetaal-SM heeft door jarenlange ervaring in de juweliersbranche gedegen kennis en daardoor een vertrouwd adres voor de inkoop en verkoop edelmetalen voor groothandelaren. De oorsprong dateert uit 1926 toen de smederij Schreuders-Moerkerken haar deuren opende. Ons team is er voor u. Wij zijn vakspecialisten die u alles kunnen vertellen over edelmetalen.<\/p>","protected":false},"author":1,"featured_media":0,"parent":0,"menu_order":0,"comment_status":"closed","ping_status":"closed","template":"","meta":[],"yoast_head":"<!-- This site is optimized with the Yoast SEO plugin v18.0 - https:\/\/yoast.com\/wordpress\/plugins\/seo\/ -->\n<title>Edelsmederij &raquo; Edelmetaalsm<\/title>\n<meta name=\"robots\" content=\"index, follow, max-snippet:-1, max-image-preview:large, max-video-preview:-1\" \/>\n<link rel=\"canonical\" href=\"https:\/\/edelmetaalsm.nl\/de\/edelsmederij\/\" \/>\n<meta property=\"og:locale\" content=\"de_DE\" \/>\n<meta property=\"og:type\" content=\"article\" \/>\n<meta property=\"og:title\" content=\"Edelsmederij &raquo; Edelmetaalsm\" \/>\n<meta property=\"og:description\" content=\"Edelmetaal-SM heeft door jarenlange ervaring in de juweliersbranche gedegen kennis en daardoor een vertrouwd adres voor de inkoop en verkoop edelmetalen voor groothandelaren. De oorsprong dateert uit 1926 toen de smederij Schreuders-Moerkerken haar deuren opende. Ons team is er voor u. Wij zijn vakspecialisten die u alles kunnen vertellen over edelmetalen.\" \/>\n<meta property=\"og:url\" content=\"https:\/\/edelmetaalsm.nl\/de\/edelsmederij\/\" \/>\n<meta property=\"og:site_name\" content=\"Edelmetaalsm\" \/>\n<meta property=\"article:modified_time\" content=\"2020-02-26T21:55:53+00:00\" \/>\n<meta name=\"twitter:card\" content=\"summary_large_image\" \/>\n<script type=\"application\/ld+json\" class=\"yoast-schema-graph\">{\"@context\":\"https:\/\/schema.org\",\"@graph\":[{\"@type\":\"Organization\",\"@id\":\"https:\/\/edelmetaalsm.nl\/#organization\",\"name\":\"Edelmetaalsm\",\"url\":\"https:\/\/edelmetaalsm.nl\/\",\"sameAs\":[],\"logo\":{\"@type\":\"ImageObject\",\"@id\":\"https:\/\/edelmetaalsm.nl\/#logo\",\"inLanguage\":\"de\",\"url\":\"https:\/\/edelmetaalsm.nl\/wp-content\/uploads\/2020\/02\/logo-1.png\",\"contentUrl\":\"https:\/\/edelmetaalsm.nl\/wp-content\/uploads\/2020\/02\/logo-1.png\",\"width\":464,\"height\":110,\"caption\":\"Edelmetaalsm\"},\"image\":{\"@id\":\"https:\/\/edelmetaalsm.nl\/#logo\"}},{\"@type\":\"WebSite\",\"@id\":\"https:\/\/edelmetaalsm.nl\/#website\",\"url\":\"https:\/\/edelmetaalsm.nl\/\",\"name\":\"Edelmetaalsm\",\"description\":\"het adres voor juweliers en groothandelaren.\",\"publisher\":{\"@id\":\"https:\/\/edelmetaalsm.nl\/#organization\"},\"potentialAction\":[{\"@type\":\"SearchAction\",\"target\":{\"@type\":\"EntryPoint\",\"urlTemplate\":\"https:\/\/edelmetaalsm.nl\/?s={search_term_string}\"},\"query-input\":\"required name=search_term_string\"}],\"inLanguage\":\"de\"},{\"@type\":\"WebPage\",\"@id\":\"https:\/\/edelmetaalsm.nl\/edelsmederij\/#webpage\",\"url\":\"https:\/\/edelmetaalsm.nl\/edelsmederij\/\",\"name\":\"Edelsmederij &raquo; Edelmetaalsm\",\"isPartOf\":{\"@id\":\"https:\/\/edelmetaalsm.nl\/#website\"},\"datePublished\":\"2011-04-08T01:04:17+00:00\",\"dateModified\":\"2020-02-26T21:55:53+00:00\",\"breadcrumb\":{\"@id\":\"https:\/\/edelmetaalsm.nl\/edelsmederij\/#breadcrumb\"},\"inLanguage\":\"de\",\"potentialAction\":[{\"@type\":\"ReadAction\",\"target\":[\"https:\/\/edelmetaalsm.nl\/edelsmederij\/\"]}]},{\"@type\":\"BreadcrumbList\",\"@id\":\"https:\/\/edelmetaalsm.nl\/edelsmederij\/#breadcrumb\",\"itemListElement\":[{\"@type\":\"ListItem\",\"position\":1,\"name\":\"Home\",\"item\":\"https:\/\/edelmetaalsm.nl\/\"},{\"@type\":\"ListItem\",\"position\":2,\"name\":\"Edelsmederij\"}]}]}<\/script>\n<!-- \/ Yoast SEO plugin. -->","yoast_head_json":{"title":"Edelsmederij &raquo; Edelmetaalsm","robots":{"index":"index","follow":"follow","max-snippet":"max-snippet:-1","max-image-preview":"max-image-preview:large","max-video-preview":"max-video-preview:-1"},"canonical":"https:\/\/edelmetaalsm.nl\/de\/edelsmederij\/","og_locale":"de_DE","og_type":"article","og_title":"Edelsmederij &raquo; Edelmetaalsm","og_description":"Edelmetaal-SM heeft door jarenlange ervaring in de juweliersbranche gedegen kennis en daardoor een vertrouwd adres voor de inkoop en verkoop edelmetalen voor groothandelaren. De oorsprong dateert uit 1926 toen de smederij Schreuders-Moerkerken haar deuren opende. Ons team is er voor u. Wij zijn vakspecialisten die u alles kunnen vertellen over edelmetalen.","og_url":"https:\/\/edelmetaalsm.nl\/de\/edelsmederij\/","og_site_name":"Edelmetaalsm","article_modified_time":"2020-02-26T21:55:53+00:00","twitter_card":"summary_large_image","schema":{"@context":"https:\/\/schema.org","@graph":[{"@type":"Organization","@id":"https:\/\/edelmetaalsm.nl\/#organization","name":"Edelmetaalsm","url":"https:\/\/edelmetaalsm.nl\/","sameAs":[],"logo":{"@type":"ImageObject","@id":"https:\/\/edelmetaalsm.nl\/#logo","inLanguage":"de","url":"https:\/\/edelmetaalsm.nl\/wp-content\/uploads\/2020\/02\/logo-1.png","contentUrl":"https:\/\/edelmetaalsm.nl\/wp-content\/uploads\/2020\/02\/logo-1.png","width":464,"height":110,"caption":"Edelmetaalsm"},"image":{"@id":"https:\/\/edelmetaalsm.nl\/#logo"}},{"@type":"WebSite","@id":"https:\/\/edelmetaalsm.nl\/#website","url":"https:\/\/edelmetaalsm.nl\/","name":"Edelmetaalsm","description":"het adres voor juweliers en groothandelaren.","publisher":{"@id":"https:\/\/edelmetaalsm.nl\/#organization"},"potentialAction":[{"@type":"SearchAction","target":{"@type":"EntryPoint","urlTemplate":"https:\/\/edelmetaalsm.nl\/?s={search_term_string}"},"query-input":"required name=search_term_string"}],"inLanguage":"de"},{"@type":"WebPage","@id":"https:\/\/edelmetaalsm.nl\/edelsmederij\/#webpage","url":"https:\/\/edelmetaalsm.nl\/edelsmederij\/","name":"Edelsmederij &raquo; Edelmetaalsm","isPartOf":{"@id":"https:\/\/edelmetaalsm.nl\/#website"},"datePublished":"2011-04-08T01:04:17+00:00","dateModified":"2020-02-26T21:55:53+00:00","breadcrumb":{"@id":"https:\/\/edelmetaalsm.nl\/edelsmederij\/#breadcrumb"},"inLanguage":"de","potentialAction":[{"@type":"ReadAction","target":["https:\/\/edelmetaalsm.nl\/edelsmederij\/"]}]},{"@type":"BreadcrumbList","@id":"https:\/\/edelmetaalsm.nl\/edelsmederij\/#breadcrumb","itemListElement":[{"@type":"ListItem","position":1,"name":"Home","item":"https:\/\/edelmetaalsm.nl\/"},{"@type":"ListItem","position":2,"name":"Edelsmederij"}]}]}},"_links":{"self":[{"href":"https:\/\/edelmetaalsm.nl\/de\/wp-json\/wp\/v2\/pages\/187"}],"collection":[{"href":"https:\/\/edelmetaalsm.nl\/de\/wp-json\/wp\/v2\/pages"}],"about":[{"href":"https:\/\/edelmetaalsm.nl\/de\/wp-json\/wp\/v2\/types\/page"}],"author":[{"embeddable":true,"href":"https:\/\/edelmetaalsm.nl\/de\/wp-json\/wp\/v2\/users\/1"}],"replies":[{"embeddable":true,"href":"https:\/\/edelmetaalsm.nl\/de\/wp-json\/wp\/v2\/comments?post=187"}],"version-history":[{"count":1,"href":"https:\/\/edelmetaalsm.nl\/de\/wp-json\/wp\/v2\/pages\/187\/revisions"}],"predecessor-version":[{"id":515,"href":"https:\/\/edelmetaalsm.nl\/de\/wp-json\/wp\/v2\/pages\/187\/revisions\/515"}],"wp:attachment":[{"href":"https:\/\/edelmetaalsm.nl\/de\/wp-json\/wp\/v2\/media?parent=187"}],"curies":[{"name":"wp","href":"https:\/\/api.w.org\/{rel}","templated":true}]}}