{"id":190,"date":"2011-04-08T01:04:55","date_gmt":"2011-04-08T01:04:55","guid":{"rendered":"https:\/\/edelmetaalsm.nl\/?page_id=190"},"modified":"2011-04-08T01:04:55","modified_gmt":"2011-04-08T01:04:55","slug":"goudsmederij-reparaties","status":"publish","type":"page","link":"https:\/\/edelmetaalsm.nl\/de\/goudsmederij-reparaties\/","title":{"rendered":"Goldschmiede &amp; Reparaturen"},"content":{"rendered":"<p>Wir k\u00fcmmern uns auch um Ihre Reparaturen. Mit unseren fortschrittlichen Ger\u00e4ten wie Lasern k\u00f6nnen wir 99% der gew\u00fcnschten Reparaturen durchf\u00fchren. Fast alles ist m\u00f6glich.<\/p>\n<p>Die Lieferzeit f\u00fcr Reparaturen betr\u00e4gt ca. eine Woche nach Eintreffen.<\/p>\n<p>Wir k\u00f6nnen Ihre betriebliche Kontinuit\u00e4t auch sicherstellen, indem wir Ihnen beispielsweise w\u00e4hrend Ihren Betriebsferien die Arbeit durchf\u00fchren.<\/p>\n<p>Bei Interesse kontaktieren Sie uns bitte. Nachdem wir mit Ihnen gesprochen und Ihre Daten erhalten haben, senden wir Ihnen die Reparaturpreise per E-Mail zu.<\/p>","protected":false},"excerpt":{"rendered":"<p>Wij verzorgen ook uw reparaties. Met onze geavanceerde apparatuur zoals lasers zijn wij in staat 99% van de aangeleverde reparaties uit te voeren. Nagenoeg alles is mogelijk. De levertijd van reparaties is ongeveer \u00e9\u00e9n week na ontvangst. Wij kunnen ook voor uw continu\u00efteit zorgen door bijvoorbeeld in vakantieperiodes uw werk uit handen te nemen. Bent&hellip;<\/p>","protected":false},"author":1,"featured_media":0,"parent":0,"menu_order":0,"comment_status":"closed","ping_status":"closed","template":"","meta":[],"yoast_head":"<!-- This site is optimized with the Yoast SEO plugin v18.0 - https:\/\/yoast.com\/wordpress\/plugins\/seo\/ -->\n<title>Goudsmederij &amp; Reparaties &raquo; Edelmetaalsm<\/title>\n<meta name=\"robots\" content=\"index, follow, max-snippet:-1, max-image-preview:large, max-video-preview:-1\" \/>\n<link rel=\"canonical\" href=\"https:\/\/edelmetaalsm.nl\/de\/goudsmederij-reparaties\/\" \/>\n<meta property=\"og:locale\" content=\"de_DE\" \/>\n<meta property=\"og:type\" content=\"article\" \/>\n<meta property=\"og:title\" content=\"Goudsmederij &amp; Reparaties &raquo; Edelmetaalsm\" \/>\n<meta property=\"og:description\" content=\"Wij verzorgen ook uw reparaties. Met onze geavanceerde apparatuur zoals lasers zijn wij in staat 99% van de aangeleverde reparaties uit te voeren. Nagenoeg alles is mogelijk. De levertijd van reparaties is ongeveer \u00e9\u00e9n week na ontvangst. Wij kunnen ook voor uw continu\u00efteit zorgen door bijvoorbeeld in vakantieperiodes uw werk uit handen te nemen. Bent&hellip;\" \/>\n<meta property=\"og:url\" content=\"https:\/\/edelmetaalsm.nl\/de\/goudsmederij-reparaties\/\" \/>\n<meta property=\"og:site_name\" content=\"Edelmetaalsm\" \/>\n<meta name=\"twitter:card\" content=\"summary_large_image\" \/>\n<script type=\"application\/ld+json\" class=\"yoast-schema-graph\">{\"@context\":\"https:\/\/schema.org\",\"@graph\":[{\"@type\":\"Organization\",\"@id\":\"https:\/\/edelmetaalsm.nl\/#organization\",\"name\":\"Edelmetaalsm\",\"url\":\"https:\/\/edelmetaalsm.nl\/\",\"sameAs\":[],\"logo\":{\"@type\":\"ImageObject\",\"@id\":\"https:\/\/edelmetaalsm.nl\/#logo\",\"inLanguage\":\"de\",\"url\":\"https:\/\/edelmetaalsm.nl\/wp-content\/uploads\/2020\/02\/logo-1.png\",\"contentUrl\":\"https:\/\/edelmetaalsm.nl\/wp-content\/uploads\/2020\/02\/logo-1.png\",\"width\":464,\"height\":110,\"caption\":\"Edelmetaalsm\"},\"image\":{\"@id\":\"https:\/\/edelmetaalsm.nl\/#logo\"}},{\"@type\":\"WebSite\",\"@id\":\"https:\/\/edelmetaalsm.nl\/#website\",\"url\":\"https:\/\/edelmetaalsm.nl\/\",\"name\":\"Edelmetaalsm\",\"description\":\"het adres voor juweliers en groothandelaren.\",\"publisher\":{\"@id\":\"https:\/\/edelmetaalsm.nl\/#organization\"},\"potentialAction\":[{\"@type\":\"SearchAction\",\"target\":{\"@type\":\"EntryPoint\",\"urlTemplate\":\"https:\/\/edelmetaalsm.nl\/?s={search_term_string}\"},\"query-input\":\"required name=search_term_string\"}],\"inLanguage\":\"de\"},{\"@type\":\"WebPage\",\"@id\":\"https:\/\/edelmetaalsm.nl\/goudsmederij-reparaties\/#webpage\",\"url\":\"https:\/\/edelmetaalsm.nl\/goudsmederij-reparaties\/\",\"name\":\"Goudsmederij &amp; Reparaties &raquo; Edelmetaalsm\",\"isPartOf\":{\"@id\":\"https:\/\/edelmetaalsm.nl\/#website\"},\"datePublished\":\"2011-04-08T01:04:55+00:00\",\"dateModified\":\"2011-04-08T01:04:55+00:00\",\"breadcrumb\":{\"@id\":\"https:\/\/edelmetaalsm.nl\/goudsmederij-reparaties\/#breadcrumb\"},\"inLanguage\":\"de\",\"potentialAction\":[{\"@type\":\"ReadAction\",\"target\":[\"https:\/\/edelmetaalsm.nl\/goudsmederij-reparaties\/\"]}]},{\"@type\":\"BreadcrumbList\",\"@id\":\"https:\/\/edelmetaalsm.nl\/goudsmederij-reparaties\/#breadcrumb\",\"itemListElement\":[{\"@type\":\"ListItem\",\"position\":1,\"name\":\"Home\",\"item\":\"https:\/\/edelmetaalsm.nl\/\"},{\"@type\":\"ListItem\",\"position\":2,\"name\":\"Goudsmederij &amp; Reparaties\"}]}]}<\/script>\n<!-- \/ Yoast SEO plugin. -->","yoast_head_json":{"title":"Goudsmederij &amp; Reparaties &raquo; Edelmetaalsm","robots":{"index":"index","follow":"follow","max-snippet":"max-snippet:-1","max-image-preview":"max-image-preview:large","max-video-preview":"max-video-preview:-1"},"canonical":"https:\/\/edelmetaalsm.nl\/de\/goudsmederij-reparaties\/","og_locale":"de_DE","og_type":"article","og_title":"Goudsmederij &amp; Reparaties &raquo; Edelmetaalsm","og_description":"Wij verzorgen ook uw reparaties. Met onze geavanceerde apparatuur zoals lasers zijn wij in staat 99% van de aangeleverde reparaties uit te voeren. Nagenoeg alles is mogelijk. De levertijd van reparaties is ongeveer \u00e9\u00e9n week na ontvangst. Wij kunnen ook voor uw continu\u00efteit zorgen door bijvoorbeeld in vakantieperiodes uw werk uit handen te nemen. Bent&hellip;","og_url":"https:\/\/edelmetaalsm.nl\/de\/goudsmederij-reparaties\/","og_site_name":"Edelmetaalsm","twitter_card":"summary_large_image","schema":{"@context":"https:\/\/schema.org","@graph":[{"@type":"Organization","@id":"https:\/\/edelmetaalsm.nl\/#organization","name":"Edelmetaalsm","url":"https:\/\/edelmetaalsm.nl\/","sameAs":[],"logo":{"@type":"ImageObject","@id":"https:\/\/edelmetaalsm.nl\/#logo","inLanguage":"de","url":"https:\/\/edelmetaalsm.nl\/wp-content\/uploads\/2020\/02\/logo-1.png","contentUrl":"https:\/\/edelmetaalsm.nl\/wp-content\/uploads\/2020\/02\/logo-1.png","width":464,"height":110,"caption":"Edelmetaalsm"},"image":{"@id":"https:\/\/edelmetaalsm.nl\/#logo"}},{"@type":"WebSite","@id":"https:\/\/edelmetaalsm.nl\/#website","url":"https:\/\/edelmetaalsm.nl\/","name":"Edelmetaalsm","description":"het adres voor juweliers en groothandelaren.","publisher":{"@id":"https:\/\/edelmetaalsm.nl\/#organization"},"potentialAction":[{"@type":"SearchAction","target":{"@type":"EntryPoint","urlTemplate":"https:\/\/edelmetaalsm.nl\/?s={search_term_string}"},"query-input":"required name=search_term_string"}],"inLanguage":"de"},{"@type":"WebPage","@id":"https:\/\/edelmetaalsm.nl\/goudsmederij-reparaties\/#webpage","url":"https:\/\/edelmetaalsm.nl\/goudsmederij-reparaties\/","name":"Goudsmederij &amp; Reparaties &raquo; Edelmetaalsm","isPartOf":{"@id":"https:\/\/edelmetaalsm.nl\/#website"},"datePublished":"2011-04-08T01:04:55+00:00","dateModified":"2011-04-08T01:04:55+00:00","breadcrumb":{"@id":"https:\/\/edelmetaalsm.nl\/goudsmederij-reparaties\/#breadcrumb"},"inLanguage":"de","potentialAction":[{"@type":"ReadAction","target":["https:\/\/edelmetaalsm.nl\/goudsmederij-reparaties\/"]}]},{"@type":"BreadcrumbList","@id":"https:\/\/edelmetaalsm.nl\/goudsmederij-reparaties\/#breadcrumb","itemListElement":[{"@type":"ListItem","position":1,"name":"Home","item":"https:\/\/edelmetaalsm.nl\/"},{"@type":"ListItem","position":2,"name":"Goudsmederij &amp; Reparaties"}]}]}},"_links":{"self":[{"href":"https:\/\/edelmetaalsm.nl\/de\/wp-json\/wp\/v2\/pages\/190"}],"collection":[{"href":"https:\/\/edelmetaalsm.nl\/de\/wp-json\/wp\/v2\/pages"}],"about":[{"href":"https:\/\/edelmetaalsm.nl\/de\/wp-json\/wp\/v2\/types\/page"}],"author":[{"embeddable":true,"href":"https:\/\/edelmetaalsm.nl\/de\/wp-json\/wp\/v2\/users\/1"}],"replies":[{"embeddable":true,"href":"https:\/\/edelmetaalsm.nl\/de\/wp-json\/wp\/v2\/comments?post=190"}],"version-history":[{"count":0,"href":"https:\/\/edelmetaalsm.nl\/de\/wp-json\/wp\/v2\/pages\/190\/revisions"}],"wp:attachment":[{"href":"https:\/\/edelmetaalsm.nl\/de\/wp-json\/wp\/v2\/media?parent=190"}],"curies":[{"name":"wp","href":"https:\/\/api.w.org\/{rel}","templated":true}]}}