{"id":196,"date":"2011-04-08T01:07:10","date_gmt":"2011-04-08T01:07:10","guid":{"rendered":"https:\/\/edelmetaalsm.nl\/?page_id=196"},"modified":"2020-02-27T11:10:05","modified_gmt":"2020-02-27T11:10:05","slug":"over-ons","status":"publish","type":"page","link":"https:\/\/edelmetaalsm.nl\/de\/over-ons\/","title":{"rendered":"\u00dcber uns"},"content":{"rendered":"<h2>Guter Service und zufriedene Kunden<\/h2>\n<p>Edelmetall Schreuders-Moerkerken verf\u00fcgt \u00fcber langj\u00e4hrige Erfahrung in der Schmuckindustrie und ist daher Ihr vertrauensw\u00fcrdiger Partner f\u00fcr den Kauf und Verkauf von Edelmetallen f\u00fcr Gro\u00dfh\u00e4ndler. Der Ursprung stammt aus dem Jahr 1926, als die Schmiede Schreuders-Moerkerken in Rotterdam erstmalig ihre T\u00fcren \u00f6ffnete.<\/p>\n<h2>Bester Kaufwert Gold und Silber<\/h2>\n<p>Wof\u00fcr steht Edelmetall-SM: Kaufwert Gold und Silber<\/p>\n<ul>\n<li>Kostenlose Bewertung<\/li>\n<li>Kostenlose Scheidung<\/li>\n<li>Sofortige Barabrechnung vor Ort<\/li>\n<li>Keine Schmelzkosten<\/li>\n<li>Keine zus\u00e4tzlichen Kosten<\/li>\n<\/ul>\n<p>Bei uns k\u00f6nnen Sie sicher Schrottgold zu Feinstgold oder Feinsilber schmelzen und all Ihre Edelmetalle verkaufen.<\/p>\n<h2>Beratung<\/h2>\n<p>Neben unserer umfassenden Beratung k\u00f6nnen wir auch vor Ort analysieren, sodass Sie sofort wissen, was der Wert ist.<\/p>\n<h2>Abholung &amp; direkte Bewertung<\/h2>\n<p>Wir k\u00f6nnen Ihre Edelmetalle direkt analysieren, bewerten und netto Bar bezahlen. Edelmetall-SM sammelt Edelmetalle in den Benelux-L\u00e4ndern und in Deutschland.<\/p>\n<p class=\" translation-block\">Einer unserer Kunden spricht: <br>\n\"Ich bin immer noch beeindruckt von der Art und Weise, wie Precious Metals-SM uns beim Kauf und Verkauf von Edelmetallen geholfen hat. Wir hatten einen st\u00e4ndigen Ansprechpartner, der immer gut \u00fcber den Markt informiert ist. Wir legen Wert auf Fachwissen und die Preise, die sie verlangen, sind ohne Zweifel sehr wettbewerbsf\u00e4hig und marktkonform!\"<\/p>\n<p><strong>Jan Bart de Vries, Managing Director<br \/>\n<\/strong><\/p>\n<p class=\" translation-block\">Bitte kontaktieren Sie uns f\u00fcr einen Termin.<\/p>","protected":false},"excerpt":{"rendered":"<p>Goede service en tevreden klanten Edelmetaal-SM heeft door jarenlange ervaring in de juweliersbranche gedegen kennis en daardoor een vertrouwd adres voor de inkoop en verkoop edelmetalen voor groothandelaren. De oorsprong dateert uit 1926 toen de smederij Schreuders-Moerkerken haar deuren opende. Beste inkoopwaarde goud en zilver Waar staat Edelmetaal-SM voor: Gratis taxeren Gratis scheiden Directe contante&hellip;<\/p>","protected":false},"author":1,"featured_media":0,"parent":0,"menu_order":0,"comment_status":"closed","ping_status":"closed","template":"","meta":[],"yoast_head":"<!-- This site is optimized with the Yoast SEO plugin v18.0 - https:\/\/yoast.com\/wordpress\/plugins\/seo\/ -->\n<title>Over ons &raquo; Edelmetaalsm<\/title>\n<meta name=\"robots\" content=\"index, follow, max-snippet:-1, max-image-preview:large, max-video-preview:-1\" \/>\n<link rel=\"canonical\" href=\"https:\/\/edelmetaalsm.nl\/de\/over-ons\/\" \/>\n<meta property=\"og:locale\" content=\"de_DE\" \/>\n<meta property=\"og:type\" content=\"article\" \/>\n<meta property=\"og:title\" content=\"Over ons &raquo; Edelmetaalsm\" \/>\n<meta property=\"og:description\" content=\"Goede service en tevreden klanten Edelmetaal-SM heeft door jarenlange ervaring in de juweliersbranche gedegen kennis en daardoor een vertrouwd adres voor de inkoop en verkoop edelmetalen voor groothandelaren. De oorsprong dateert uit 1926 toen de smederij Schreuders-Moerkerken haar deuren opende. Beste inkoopwaarde goud en zilver Waar staat Edelmetaal-SM voor: Gratis taxeren Gratis scheiden Directe contante&hellip;\" \/>\n<meta property=\"og:url\" content=\"https:\/\/edelmetaalsm.nl\/de\/over-ons\/\" \/>\n<meta property=\"og:site_name\" content=\"Edelmetaalsm\" \/>\n<meta property=\"article:modified_time\" content=\"2020-02-27T11:10:05+00:00\" \/>\n<meta name=\"twitter:card\" content=\"summary_large_image\" \/>\n<meta name=\"twitter:label1\" content=\"Gesch\u00e4tzte Lesezeit\" \/>\n\t<meta name=\"twitter:data1\" content=\"1\u00a0Minute\" \/>\n<script type=\"application\/ld+json\" class=\"yoast-schema-graph\">{\"@context\":\"https:\/\/schema.org\",\"@graph\":[{\"@type\":\"Organization\",\"@id\":\"https:\/\/edelmetaalsm.nl\/#organization\",\"name\":\"Edelmetaalsm\",\"url\":\"https:\/\/edelmetaalsm.nl\/\",\"sameAs\":[],\"logo\":{\"@type\":\"ImageObject\",\"@id\":\"https:\/\/edelmetaalsm.nl\/#logo\",\"inLanguage\":\"de\",\"url\":\"https:\/\/edelmetaalsm.nl\/wp-content\/uploads\/2020\/02\/logo-1.png\",\"contentUrl\":\"https:\/\/edelmetaalsm.nl\/wp-content\/uploads\/2020\/02\/logo-1.png\",\"width\":464,\"height\":110,\"caption\":\"Edelmetaalsm\"},\"image\":{\"@id\":\"https:\/\/edelmetaalsm.nl\/#logo\"}},{\"@type\":\"WebSite\",\"@id\":\"https:\/\/edelmetaalsm.nl\/#website\",\"url\":\"https:\/\/edelmetaalsm.nl\/\",\"name\":\"Edelmetaalsm\",\"description\":\"het adres voor juweliers en groothandelaren.\",\"publisher\":{\"@id\":\"https:\/\/edelmetaalsm.nl\/#organization\"},\"potentialAction\":[{\"@type\":\"SearchAction\",\"target\":{\"@type\":\"EntryPoint\",\"urlTemplate\":\"https:\/\/edelmetaalsm.nl\/?s={search_term_string}\"},\"query-input\":\"required name=search_term_string\"}],\"inLanguage\":\"de\"},{\"@type\":\"WebPage\",\"@id\":\"https:\/\/edelmetaalsm.nl\/over-ons\/#webpage\",\"url\":\"https:\/\/edelmetaalsm.nl\/over-ons\/\",\"name\":\"Over ons &raquo; Edelmetaalsm\",\"isPartOf\":{\"@id\":\"https:\/\/edelmetaalsm.nl\/#website\"},\"datePublished\":\"2011-04-08T01:07:10+00:00\",\"dateModified\":\"2020-02-27T11:10:05+00:00\",\"breadcrumb\":{\"@id\":\"https:\/\/edelmetaalsm.nl\/over-ons\/#breadcrumb\"},\"inLanguage\":\"de\",\"potentialAction\":[{\"@type\":\"ReadAction\",\"target\":[\"https:\/\/edelmetaalsm.nl\/over-ons\/\"]}]},{\"@type\":\"BreadcrumbList\",\"@id\":\"https:\/\/edelmetaalsm.nl\/over-ons\/#breadcrumb\",\"itemListElement\":[{\"@type\":\"ListItem\",\"position\":1,\"name\":\"Home\",\"item\":\"https:\/\/edelmetaalsm.nl\/\"},{\"@type\":\"ListItem\",\"position\":2,\"name\":\"Over ons\"}]}]}<\/script>\n<!-- \/ Yoast SEO plugin. -->","yoast_head_json":{"title":"Over ons &raquo; Edelmetaalsm","robots":{"index":"index","follow":"follow","max-snippet":"max-snippet:-1","max-image-preview":"max-image-preview:large","max-video-preview":"max-video-preview:-1"},"canonical":"https:\/\/edelmetaalsm.nl\/de\/over-ons\/","og_locale":"de_DE","og_type":"article","og_title":"Over ons &raquo; Edelmetaalsm","og_description":"Goede service en tevreden klanten Edelmetaal-SM heeft door jarenlange ervaring in de juweliersbranche gedegen kennis en daardoor een vertrouwd adres voor de inkoop en verkoop edelmetalen voor groothandelaren. De oorsprong dateert uit 1926 toen de smederij Schreuders-Moerkerken haar deuren opende. Beste inkoopwaarde goud en zilver Waar staat Edelmetaal-SM voor: Gratis taxeren Gratis scheiden Directe contante&hellip;","og_url":"https:\/\/edelmetaalsm.nl\/de\/over-ons\/","og_site_name":"Edelmetaalsm","article_modified_time":"2020-02-27T11:10:05+00:00","twitter_card":"summary_large_image","twitter_misc":{"Gesch\u00e4tzte Lesezeit":"1\u00a0Minute"},"schema":{"@context":"https:\/\/schema.org","@graph":[{"@type":"Organization","@id":"https:\/\/edelmetaalsm.nl\/#organization","name":"Edelmetaalsm","url":"https:\/\/edelmetaalsm.nl\/","sameAs":[],"logo":{"@type":"ImageObject","@id":"https:\/\/edelmetaalsm.nl\/#logo","inLanguage":"de","url":"https:\/\/edelmetaalsm.nl\/wp-content\/uploads\/2020\/02\/logo-1.png","contentUrl":"https:\/\/edelmetaalsm.nl\/wp-content\/uploads\/2020\/02\/logo-1.png","width":464,"height":110,"caption":"Edelmetaalsm"},"image":{"@id":"https:\/\/edelmetaalsm.nl\/#logo"}},{"@type":"WebSite","@id":"https:\/\/edelmetaalsm.nl\/#website","url":"https:\/\/edelmetaalsm.nl\/","name":"Edelmetaalsm","description":"het adres voor juweliers en groothandelaren.","publisher":{"@id":"https:\/\/edelmetaalsm.nl\/#organization"},"potentialAction":[{"@type":"SearchAction","target":{"@type":"EntryPoint","urlTemplate":"https:\/\/edelmetaalsm.nl\/?s={search_term_string}"},"query-input":"required name=search_term_string"}],"inLanguage":"de"},{"@type":"WebPage","@id":"https:\/\/edelmetaalsm.nl\/over-ons\/#webpage","url":"https:\/\/edelmetaalsm.nl\/over-ons\/","name":"Over ons &raquo; Edelmetaalsm","isPartOf":{"@id":"https:\/\/edelmetaalsm.nl\/#website"},"datePublished":"2011-04-08T01:07:10+00:00","dateModified":"2020-02-27T11:10:05+00:00","breadcrumb":{"@id":"https:\/\/edelmetaalsm.nl\/over-ons\/#breadcrumb"},"inLanguage":"de","potentialAction":[{"@type":"ReadAction","target":["https:\/\/edelmetaalsm.nl\/over-ons\/"]}]},{"@type":"BreadcrumbList","@id":"https:\/\/edelmetaalsm.nl\/over-ons\/#breadcrumb","itemListElement":[{"@type":"ListItem","position":1,"name":"Home","item":"https:\/\/edelmetaalsm.nl\/"},{"@type":"ListItem","position":2,"name":"Over ons"}]}]}},"_links":{"self":[{"href":"https:\/\/edelmetaalsm.nl\/de\/wp-json\/wp\/v2\/pages\/196"}],"collection":[{"href":"https:\/\/edelmetaalsm.nl\/de\/wp-json\/wp\/v2\/pages"}],"about":[{"href":"https:\/\/edelmetaalsm.nl\/de\/wp-json\/wp\/v2\/types\/page"}],"author":[{"embeddable":true,"href":"https:\/\/edelmetaalsm.nl\/de\/wp-json\/wp\/v2\/users\/1"}],"replies":[{"embeddable":true,"href":"https:\/\/edelmetaalsm.nl\/de\/wp-json\/wp\/v2\/comments?post=196"}],"version-history":[{"count":1,"href":"https:\/\/edelmetaalsm.nl\/de\/wp-json\/wp\/v2\/pages\/196\/revisions"}],"predecessor-version":[{"id":532,"href":"https:\/\/edelmetaalsm.nl\/de\/wp-json\/wp\/v2\/pages\/196\/revisions\/532"}],"wp:attachment":[{"href":"https:\/\/edelmetaalsm.nl\/de\/wp-json\/wp\/v2\/media?parent=196"}],"curies":[{"name":"wp","href":"https:\/\/api.w.org\/{rel}","templated":true}]}}