{"id":202,"date":"2011-04-08T01:08:36","date_gmt":"2011-04-08T01:08:36","guid":{"rendered":"https:\/\/edelmetaalsm.nl\/?page_id=202"},"modified":"2011-04-08T01:08:36","modified_gmt":"2011-04-08T01:08:36","slug":"werkwijze","status":"publish","type":"page","link":"https:\/\/edelmetaalsm.nl\/de\/werkwijze\/","title":{"rendered":"Methode"},"content":{"rendered":"<p>VERFAHREN ZUM KAUF VON EDELMETALLEN<\/p>\n<p>Ehrliche Preise f\u00fcr Ihre Edelmetalle! TIPP: Besuchen Sie mehrere K\u00e4ufer, um ein Angebot zu erhalten. Sie werden feststellen, dass Sie mehr von uns als von unseren Mitbewerbern erhalten.<\/p>\n<p>ES GIBT KEINE VERSTECKTEN KOSTEN!<\/p>\n<p>Die Bewertung ist kostenlos und enth\u00e4lt keinerlei Verpflichtung!<\/p>\n<p>Sie sind direkt an der Bewertung und Gewichtung beteiligt.<\/p>\n<p>Sie erhalten eine eindeutige Berechnung des Wertes.<\/p>\n<p>Unsere Waagen werden regelm\u00e4\u00dfig gem\u00e4\u00df den Standards kalibriert.<\/p>\n<p>Und unsere Preise sind im Voraus bekannt und die besten in Deutschland!<\/p>","protected":false},"excerpt":{"rendered":"<p>WERKWIJZE INKOOP EDELMETALEN Goudeerlijke prijzen voor uw edelmetalen! TIP:Ga bij meerdere opkopers langs voor een offerte.U zult zien dat u bij ons meer krijgt dan bij onze concurrenten. ER ZIJN GEEN VERBORGEN KOSTEN! DE TAXATIE IS GRATIS EN VRIJBLIJVEND! U bent direct betrokken bij de beoordeling en de weging. U krijgt een duidelijke berekening van&hellip;<\/p>","protected":false},"author":1,"featured_media":0,"parent":0,"menu_order":0,"comment_status":"closed","ping_status":"closed","template":"","meta":[],"yoast_head":"<!-- This site is optimized with the Yoast SEO plugin v18.0 - https:\/\/yoast.com\/wordpress\/plugins\/seo\/ -->\n<title>Werkwijze &raquo; Edelmetaalsm<\/title>\n<meta name=\"robots\" content=\"index, follow, max-snippet:-1, max-image-preview:large, max-video-preview:-1\" \/>\n<link rel=\"canonical\" href=\"https:\/\/edelmetaalsm.nl\/de\/werkwijze\/\" \/>\n<meta property=\"og:locale\" content=\"de_DE\" \/>\n<meta property=\"og:type\" content=\"article\" \/>\n<meta property=\"og:title\" content=\"Werkwijze &raquo; Edelmetaalsm\" \/>\n<meta property=\"og:description\" content=\"WERKWIJZE INKOOP EDELMETALEN Goudeerlijke prijzen voor uw edelmetalen! TIP:Ga bij meerdere opkopers langs voor een offerte.U zult zien dat u bij ons meer krijgt dan bij onze concurrenten. ER ZIJN GEEN VERBORGEN KOSTEN! DE TAXATIE IS GRATIS EN VRIJBLIJVEND! U bent direct betrokken bij de beoordeling en de weging. U krijgt een duidelijke berekening van&hellip;\" \/>\n<meta property=\"og:url\" content=\"https:\/\/edelmetaalsm.nl\/de\/werkwijze\/\" \/>\n<meta property=\"og:site_name\" content=\"Edelmetaalsm\" \/>\n<meta name=\"twitter:card\" content=\"summary_large_image\" \/>\n<script type=\"application\/ld+json\" class=\"yoast-schema-graph\">{\"@context\":\"https:\/\/schema.org\",\"@graph\":[{\"@type\":\"Organization\",\"@id\":\"https:\/\/edelmetaalsm.nl\/#organization\",\"name\":\"Edelmetaalsm\",\"url\":\"https:\/\/edelmetaalsm.nl\/\",\"sameAs\":[],\"logo\":{\"@type\":\"ImageObject\",\"@id\":\"https:\/\/edelmetaalsm.nl\/#logo\",\"inLanguage\":\"de\",\"url\":\"https:\/\/edelmetaalsm.nl\/wp-content\/uploads\/2020\/02\/logo-1.png\",\"contentUrl\":\"https:\/\/edelmetaalsm.nl\/wp-content\/uploads\/2020\/02\/logo-1.png\",\"width\":464,\"height\":110,\"caption\":\"Edelmetaalsm\"},\"image\":{\"@id\":\"https:\/\/edelmetaalsm.nl\/#logo\"}},{\"@type\":\"WebSite\",\"@id\":\"https:\/\/edelmetaalsm.nl\/#website\",\"url\":\"https:\/\/edelmetaalsm.nl\/\",\"name\":\"Edelmetaalsm\",\"description\":\"het adres voor juweliers en groothandelaren.\",\"publisher\":{\"@id\":\"https:\/\/edelmetaalsm.nl\/#organization\"},\"potentialAction\":[{\"@type\":\"SearchAction\",\"target\":{\"@type\":\"EntryPoint\",\"urlTemplate\":\"https:\/\/edelmetaalsm.nl\/?s={search_term_string}\"},\"query-input\":\"required name=search_term_string\"}],\"inLanguage\":\"de\"},{\"@type\":\"WebPage\",\"@id\":\"https:\/\/edelmetaalsm.nl\/werkwijze\/#webpage\",\"url\":\"https:\/\/edelmetaalsm.nl\/werkwijze\/\",\"name\":\"Werkwijze &raquo; Edelmetaalsm\",\"isPartOf\":{\"@id\":\"https:\/\/edelmetaalsm.nl\/#website\"},\"datePublished\":\"2011-04-08T01:08:36+00:00\",\"dateModified\":\"2011-04-08T01:08:36+00:00\",\"breadcrumb\":{\"@id\":\"https:\/\/edelmetaalsm.nl\/werkwijze\/#breadcrumb\"},\"inLanguage\":\"de\",\"potentialAction\":[{\"@type\":\"ReadAction\",\"target\":[\"https:\/\/edelmetaalsm.nl\/werkwijze\/\"]}]},{\"@type\":\"BreadcrumbList\",\"@id\":\"https:\/\/edelmetaalsm.nl\/werkwijze\/#breadcrumb\",\"itemListElement\":[{\"@type\":\"ListItem\",\"position\":1,\"name\":\"Home\",\"item\":\"https:\/\/edelmetaalsm.nl\/\"},{\"@type\":\"ListItem\",\"position\":2,\"name\":\"Werkwijze\"}]}]}<\/script>\n<!-- \/ Yoast SEO plugin. -->","yoast_head_json":{"title":"Werkwijze &raquo; Edelmetaalsm","robots":{"index":"index","follow":"follow","max-snippet":"max-snippet:-1","max-image-preview":"max-image-preview:large","max-video-preview":"max-video-preview:-1"},"canonical":"https:\/\/edelmetaalsm.nl\/de\/werkwijze\/","og_locale":"de_DE","og_type":"article","og_title":"Werkwijze &raquo; Edelmetaalsm","og_description":"WERKWIJZE INKOOP EDELMETALEN Goudeerlijke prijzen voor uw edelmetalen! TIP:Ga bij meerdere opkopers langs voor een offerte.U zult zien dat u bij ons meer krijgt dan bij onze concurrenten. ER ZIJN GEEN VERBORGEN KOSTEN! DE TAXATIE IS GRATIS EN VRIJBLIJVEND! U bent direct betrokken bij de beoordeling en de weging. U krijgt een duidelijke berekening van&hellip;","og_url":"https:\/\/edelmetaalsm.nl\/de\/werkwijze\/","og_site_name":"Edelmetaalsm","twitter_card":"summary_large_image","schema":{"@context":"https:\/\/schema.org","@graph":[{"@type":"Organization","@id":"https:\/\/edelmetaalsm.nl\/#organization","name":"Edelmetaalsm","url":"https:\/\/edelmetaalsm.nl\/","sameAs":[],"logo":{"@type":"ImageObject","@id":"https:\/\/edelmetaalsm.nl\/#logo","inLanguage":"de","url":"https:\/\/edelmetaalsm.nl\/wp-content\/uploads\/2020\/02\/logo-1.png","contentUrl":"https:\/\/edelmetaalsm.nl\/wp-content\/uploads\/2020\/02\/logo-1.png","width":464,"height":110,"caption":"Edelmetaalsm"},"image":{"@id":"https:\/\/edelmetaalsm.nl\/#logo"}},{"@type":"WebSite","@id":"https:\/\/edelmetaalsm.nl\/#website","url":"https:\/\/edelmetaalsm.nl\/","name":"Edelmetaalsm","description":"het adres voor juweliers en groothandelaren.","publisher":{"@id":"https:\/\/edelmetaalsm.nl\/#organization"},"potentialAction":[{"@type":"SearchAction","target":{"@type":"EntryPoint","urlTemplate":"https:\/\/edelmetaalsm.nl\/?s={search_term_string}"},"query-input":"required name=search_term_string"}],"inLanguage":"de"},{"@type":"WebPage","@id":"https:\/\/edelmetaalsm.nl\/werkwijze\/#webpage","url":"https:\/\/edelmetaalsm.nl\/werkwijze\/","name":"Werkwijze &raquo; Edelmetaalsm","isPartOf":{"@id":"https:\/\/edelmetaalsm.nl\/#website"},"datePublished":"2011-04-08T01:08:36+00:00","dateModified":"2011-04-08T01:08:36+00:00","breadcrumb":{"@id":"https:\/\/edelmetaalsm.nl\/werkwijze\/#breadcrumb"},"inLanguage":"de","potentialAction":[{"@type":"ReadAction","target":["https:\/\/edelmetaalsm.nl\/werkwijze\/"]}]},{"@type":"BreadcrumbList","@id":"https:\/\/edelmetaalsm.nl\/werkwijze\/#breadcrumb","itemListElement":[{"@type":"ListItem","position":1,"name":"Home","item":"https:\/\/edelmetaalsm.nl\/"},{"@type":"ListItem","position":2,"name":"Werkwijze"}]}]}},"_links":{"self":[{"href":"https:\/\/edelmetaalsm.nl\/de\/wp-json\/wp\/v2\/pages\/202"}],"collection":[{"href":"https:\/\/edelmetaalsm.nl\/de\/wp-json\/wp\/v2\/pages"}],"about":[{"href":"https:\/\/edelmetaalsm.nl\/de\/wp-json\/wp\/v2\/types\/page"}],"author":[{"embeddable":true,"href":"https:\/\/edelmetaalsm.nl\/de\/wp-json\/wp\/v2\/users\/1"}],"replies":[{"embeddable":true,"href":"https:\/\/edelmetaalsm.nl\/de\/wp-json\/wp\/v2\/comments?post=202"}],"version-history":[{"count":0,"href":"https:\/\/edelmetaalsm.nl\/de\/wp-json\/wp\/v2\/pages\/202\/revisions"}],"wp:attachment":[{"href":"https:\/\/edelmetaalsm.nl\/de\/wp-json\/wp\/v2\/media?parent=202"}],"curies":[{"name":"wp","href":"https:\/\/api.w.org\/{rel}","templated":true}]}}