{"id":205,"date":"2011-04-08T01:09:19","date_gmt":"2011-04-08T01:09:19","guid":{"rendered":"https:\/\/edelmetaalsm.nl\/?page_id=205"},"modified":"2011-04-08T01:09:19","modified_gmt":"2011-04-08T01:09:19","slug":"wat-kopen-wij-in","status":"publish","type":"page","link":"https:\/\/edelmetaalsm.nl\/de\/wat-kopen-wij-in\/","title":{"rendered":"Was kaufen wir?"},"content":{"rendered":"<p>Edelmetall SM ist Ihre Adresse f\u00fcr den Kauf:<\/p>\n<ul>\n<li>Offiziell gestempelte Barren aus Gold - Silber - Platin<\/li>\n<li>Alle Gegenst\u00e4nde aus Gold oder Silber<\/li>\n<li>Alter und neuer Schmuck<\/li>\n<li>M\u00fcnzen aus Gold, Silber und Platin<\/li>\n<li>Zahngold, Br\u00fccken, Kronen oder Backenz\u00e4hnen<\/li>\n<li>Gold- und Silbersp\u00e4ne von Goldschmieden<\/li>\n<li>Silberr\u00fcckst\u00e4nde von Fotoentwicklungsmaschinen<\/li>\n<li>Platin-Thermokupplungsdraht aus Gl\u00fch\u00f6fen<\/li>\n<li>Schmuck mit Diamanten (neu, alt oder antik)<\/li>\n<li>Lose Diamanten (mit oder ohne Zertifikat)<\/li>\n<\/ul>\n<p>Wir werden Sie nach Vereinbarung besuchen. Die finanzielle Abrechnung erfolgt sofort ohne zus\u00e4tzliche Kosten.<\/p>\n<p><strong>Edelmetall SM kauft ausschlie\u00dflich bei Juwelieren und Gro\u00dfh\u00e4ndlern der Edelmetallindustrie! <\/strong><\/p>","protected":false},"excerpt":{"rendered":"<p>Edelmetaal SM is uw adres voor de inkoop van: Officieel gestempelde baren goud &#8211; zilver &#8211; platina Alle voorwerpen van goud of zilver Oude en nieuwe sieraden Gouden, zilveren en platina munten Goud van oude tanden, bruggen, kronen of kiezen Goud- &amp; zilvervijlsel van goudsmeden Zilver residu van foto ontwikkelmachines Platina thermo koppeldraad van gloei-ovens&hellip;<\/p>","protected":false},"author":1,"featured_media":0,"parent":0,"menu_order":0,"comment_status":"closed","ping_status":"closed","template":"","meta":[],"yoast_head":"<!-- This site is optimized with the Yoast SEO plugin v18.0 - https:\/\/yoast.com\/wordpress\/plugins\/seo\/ -->\n<title>Wat kopen wij in? &raquo; Edelmetaalsm<\/title>\n<meta name=\"robots\" content=\"index, follow, max-snippet:-1, max-image-preview:large, max-video-preview:-1\" \/>\n<link rel=\"canonical\" href=\"https:\/\/edelmetaalsm.nl\/de\/wat-kopen-wij-in\/\" \/>\n<meta property=\"og:locale\" content=\"de_DE\" \/>\n<meta property=\"og:type\" content=\"article\" \/>\n<meta property=\"og:title\" content=\"Wat kopen wij in? &raquo; Edelmetaalsm\" \/>\n<meta property=\"og:description\" content=\"Edelmetaal SM is uw adres voor de inkoop van: Officieel gestempelde baren goud &#8211; zilver &#8211; platina Alle voorwerpen van goud of zilver Oude en nieuwe sieraden Gouden, zilveren en platina munten Goud van oude tanden, bruggen, kronen of kiezen Goud- &amp; zilvervijlsel van goudsmeden Zilver residu van foto ontwikkelmachines Platina thermo koppeldraad van gloei-ovens&hellip;\" \/>\n<meta property=\"og:url\" content=\"https:\/\/edelmetaalsm.nl\/de\/wat-kopen-wij-in\/\" \/>\n<meta property=\"og:site_name\" content=\"Edelmetaalsm\" \/>\n<meta name=\"twitter:card\" content=\"summary_large_image\" \/>\n<script type=\"application\/ld+json\" class=\"yoast-schema-graph\">{\"@context\":\"https:\/\/schema.org\",\"@graph\":[{\"@type\":\"Organization\",\"@id\":\"https:\/\/edelmetaalsm.nl\/#organization\",\"name\":\"Edelmetaalsm\",\"url\":\"https:\/\/edelmetaalsm.nl\/\",\"sameAs\":[],\"logo\":{\"@type\":\"ImageObject\",\"@id\":\"https:\/\/edelmetaalsm.nl\/#logo\",\"inLanguage\":\"de\",\"url\":\"https:\/\/edelmetaalsm.nl\/wp-content\/uploads\/2020\/02\/logo-1.png\",\"contentUrl\":\"https:\/\/edelmetaalsm.nl\/wp-content\/uploads\/2020\/02\/logo-1.png\",\"width\":464,\"height\":110,\"caption\":\"Edelmetaalsm\"},\"image\":{\"@id\":\"https:\/\/edelmetaalsm.nl\/#logo\"}},{\"@type\":\"WebSite\",\"@id\":\"https:\/\/edelmetaalsm.nl\/#website\",\"url\":\"https:\/\/edelmetaalsm.nl\/\",\"name\":\"Edelmetaalsm\",\"description\":\"het adres voor juweliers en groothandelaren.\",\"publisher\":{\"@id\":\"https:\/\/edelmetaalsm.nl\/#organization\"},\"potentialAction\":[{\"@type\":\"SearchAction\",\"target\":{\"@type\":\"EntryPoint\",\"urlTemplate\":\"https:\/\/edelmetaalsm.nl\/?s={search_term_string}\"},\"query-input\":\"required name=search_term_string\"}],\"inLanguage\":\"de\"},{\"@type\":\"WebPage\",\"@id\":\"https:\/\/edelmetaalsm.nl\/de\/wat-kopen-wij-in\/#webpage\",\"url\":\"https:\/\/edelmetaalsm.nl\/de\/wat-kopen-wij-in\/\",\"name\":\"Wat kopen wij in? &raquo; Edelmetaalsm\",\"isPartOf\":{\"@id\":\"https:\/\/edelmetaalsm.nl\/#website\"},\"datePublished\":\"2011-04-08T01:09:19+00:00\",\"dateModified\":\"2011-04-08T01:09:19+00:00\",\"breadcrumb\":{\"@id\":\"https:\/\/edelmetaalsm.nl\/de\/wat-kopen-wij-in\/#breadcrumb\"},\"inLanguage\":\"de\",\"potentialAction\":[{\"@type\":\"ReadAction\",\"target\":[\"https:\/\/edelmetaalsm.nl\/de\/wat-kopen-wij-in\/\"]}]},{\"@type\":\"BreadcrumbList\",\"@id\":\"https:\/\/edelmetaalsm.nl\/de\/wat-kopen-wij-in\/#breadcrumb\",\"itemListElement\":[{\"@type\":\"ListItem\",\"position\":1,\"name\":\"Home\",\"item\":\"https:\/\/edelmetaalsm.nl\/\"},{\"@type\":\"ListItem\",\"position\":2,\"name\":\"Wat kopen wij in?\"}]}]}<\/script>\n<!-- \/ Yoast SEO plugin. -->","yoast_head_json":{"title":"Wat kopen wij in? &raquo; Edelmetaalsm","robots":{"index":"index","follow":"follow","max-snippet":"max-snippet:-1","max-image-preview":"max-image-preview:large","max-video-preview":"max-video-preview:-1"},"canonical":"https:\/\/edelmetaalsm.nl\/de\/wat-kopen-wij-in\/","og_locale":"de_DE","og_type":"article","og_title":"Wat kopen wij in? &raquo; Edelmetaalsm","og_description":"Edelmetaal SM is uw adres voor de inkoop van: Officieel gestempelde baren goud &#8211; zilver &#8211; platina Alle voorwerpen van goud of zilver Oude en nieuwe sieraden Gouden, zilveren en platina munten Goud van oude tanden, bruggen, kronen of kiezen Goud- &amp; zilvervijlsel van goudsmeden Zilver residu van foto ontwikkelmachines Platina thermo koppeldraad van gloei-ovens&hellip;","og_url":"https:\/\/edelmetaalsm.nl\/de\/wat-kopen-wij-in\/","og_site_name":"Edelmetaalsm","twitter_card":"summary_large_image","schema":{"@context":"https:\/\/schema.org","@graph":[{"@type":"Organization","@id":"https:\/\/edelmetaalsm.nl\/#organization","name":"Edelmetaalsm","url":"https:\/\/edelmetaalsm.nl\/","sameAs":[],"logo":{"@type":"ImageObject","@id":"https:\/\/edelmetaalsm.nl\/#logo","inLanguage":"de","url":"https:\/\/edelmetaalsm.nl\/wp-content\/uploads\/2020\/02\/logo-1.png","contentUrl":"https:\/\/edelmetaalsm.nl\/wp-content\/uploads\/2020\/02\/logo-1.png","width":464,"height":110,"caption":"Edelmetaalsm"},"image":{"@id":"https:\/\/edelmetaalsm.nl\/#logo"}},{"@type":"WebSite","@id":"https:\/\/edelmetaalsm.nl\/#website","url":"https:\/\/edelmetaalsm.nl\/","name":"Edelmetaalsm","description":"het adres voor juweliers en groothandelaren.","publisher":{"@id":"https:\/\/edelmetaalsm.nl\/#organization"},"potentialAction":[{"@type":"SearchAction","target":{"@type":"EntryPoint","urlTemplate":"https:\/\/edelmetaalsm.nl\/?s={search_term_string}"},"query-input":"required name=search_term_string"}],"inLanguage":"de"},{"@type":"WebPage","@id":"https:\/\/edelmetaalsm.nl\/de\/wat-kopen-wij-in\/#webpage","url":"https:\/\/edelmetaalsm.nl\/de\/wat-kopen-wij-in\/","name":"Wat kopen wij in? &raquo; Edelmetaalsm","isPartOf":{"@id":"https:\/\/edelmetaalsm.nl\/#website"},"datePublished":"2011-04-08T01:09:19+00:00","dateModified":"2011-04-08T01:09:19+00:00","breadcrumb":{"@id":"https:\/\/edelmetaalsm.nl\/de\/wat-kopen-wij-in\/#breadcrumb"},"inLanguage":"de","potentialAction":[{"@type":"ReadAction","target":["https:\/\/edelmetaalsm.nl\/de\/wat-kopen-wij-in\/"]}]},{"@type":"BreadcrumbList","@id":"https:\/\/edelmetaalsm.nl\/de\/wat-kopen-wij-in\/#breadcrumb","itemListElement":[{"@type":"ListItem","position":1,"name":"Home","item":"https:\/\/edelmetaalsm.nl\/"},{"@type":"ListItem","position":2,"name":"Wat kopen wij in?"}]}]}},"_links":{"self":[{"href":"https:\/\/edelmetaalsm.nl\/de\/wp-json\/wp\/v2\/pages\/205"}],"collection":[{"href":"https:\/\/edelmetaalsm.nl\/de\/wp-json\/wp\/v2\/pages"}],"about":[{"href":"https:\/\/edelmetaalsm.nl\/de\/wp-json\/wp\/v2\/types\/page"}],"author":[{"embeddable":true,"href":"https:\/\/edelmetaalsm.nl\/de\/wp-json\/wp\/v2\/users\/1"}],"replies":[{"embeddable":true,"href":"https:\/\/edelmetaalsm.nl\/de\/wp-json\/wp\/v2\/comments?post=205"}],"version-history":[{"count":0,"href":"https:\/\/edelmetaalsm.nl\/de\/wp-json\/wp\/v2\/pages\/205\/revisions"}],"wp:attachment":[{"href":"https:\/\/edelmetaalsm.nl\/de\/wp-json\/wp\/v2\/media?parent=205"}],"curies":[{"name":"wp","href":"https:\/\/api.w.org\/{rel}","templated":true}]}}