{"id":222,"date":"2011-04-08T01:19:36","date_gmt":"2011-04-08T01:19:36","guid":{"rendered":"https:\/\/edelmetaalsm.nl\/?page_id=222"},"modified":"2020-02-27T11:48:24","modified_gmt":"2020-02-27T11:48:24","slug":"home","status":"publish","type":"page","link":"https:\/\/edelmetaalsm.nl\/de\/","title":{"rendered":"Home"},"content":{"rendered":"<p class=\"\">Edelmetall- Schreuders-Moerkerken ist\u00a0<strong>die erste Adresse<\/strong>\u00a0f\u00fcr Juweliere und Gro\u00dfh\u00e4ndler. Wir stehen f\u00fcr:<\/p>\r\n<ul>\r\n<li>Den besten Kaufwert<\/li>\r\n<li>Netto-Nettopreise<\/li>\r\n<li class=\"\">Kostenlose Bewertung<\/li>\r\n<li>Kostenlose Scheidung<\/li>\r\n<li class=\"\">Sofortige Barabrechnung vor Ort<\/li>\r\n<li class=\"\">Keine Schmelzkosten<\/li>\r\n<li class=\"\">Keine zus\u00e4tzlichen Kosten<\/li>\r\n<\/ul>\r\n<p class=\"\">Bei uns k\u00f6nnen Sie sicher Schrottgold zu Feingold oder Feinsilber schmelzen lassen und auf Wunsch auch all Ihre Edelmetalle verkaufen.<\/p>\r\n<h3>Beratung<\/h3>\r\n<p>Neben unserer umfassenden Beratung k\u00f6nnen wir bei Ihnen vor Ort analysieren, sodass Sie sofort wissen, welchen Wert Sie haben.<\/p>\r\n<h3>Abhol- und Direktbewertungsservice<\/h3>\r\n<p>Wir k\u00f6nnen Ihre Edelmetalle direkt analysieren, bewerten und netto Bar bezahlen. Edelmetall-SM sammelt Edelmetalle in den Benelux-L\u00e4ndern und in Deutschland.<\/p>\r\n<p>Einer unserer Kunden \u00e4u\u00dfert sich:<br \/>\u201eIch bin immer noch beeindruckt von der Art und Weise, wie Precious Metals-SM uns beim Kauf und Verkauf von Edelmetallen unterst\u00fctzt hat. Wir hatten einen st\u00e4ndigen Ansprechpartner, der immer gut \u00fcber den Markt informiert ist. Wir legen Wert auf Fachwissen und die Preise, die sie verlangen, sind ohne Zweifel sehr wettbewerbsf\u00e4hig und entsprechen dem Marktpreis! \u201c<\/p>\r\n<p><strong>Jan Bart de Vries, Managing Director<br \/><\/strong><\/p>\r\n<p class=\" translation-block\">Bitte kontaktieren Sie uns f\u00fcr einen Termin.<\/p>","protected":false},"excerpt":{"rendered":"<p>Edelmetaal-SM is alleen\u00a0het adres\u00a0voor juweliers en groothandelaren. Wij staan voor: De beste inkoopwaarde Netto-netto prijzen Gratis taxeren Gratis scheiden Directe contante afhandeling ter plaatse Geen smeltkosten Geen extra kosten Bij ons kunt u vast en zeker terecht voor het smelten van sloopgoud naar fijngoud of fijnzilver, in -en verkoop van al uw edelmetalen. Advies Naast&hellip;<\/p>","protected":false},"author":1,"featured_media":0,"parent":0,"menu_order":0,"comment_status":"closed","ping_status":"closed","template":"","meta":[],"yoast_head":"<!-- This site is optimized with the Yoast SEO plugin v18.0 - https:\/\/yoast.com\/wordpress\/plugins\/seo\/ -->\n<title>Home &raquo; Edelmetaalsm<\/title>\n<meta name=\"robots\" content=\"index, follow, max-snippet:-1, max-image-preview:large, max-video-preview:-1\" \/>\n<link rel=\"canonical\" href=\"https:\/\/edelmetaalsm.nl\/de\/\" \/>\n<meta property=\"og:locale\" content=\"de_DE\" \/>\n<meta property=\"og:type\" content=\"article\" \/>\n<meta property=\"og:title\" content=\"Home &raquo; Edelmetaalsm\" \/>\n<meta property=\"og:description\" content=\"Edelmetaal-SM is alleen\u00a0het adres\u00a0voor juweliers en groothandelaren. Wij staan voor: De beste inkoopwaarde Netto-netto prijzen Gratis taxeren Gratis scheiden Directe contante afhandeling ter plaatse Geen smeltkosten Geen extra kosten Bij ons kunt u vast en zeker terecht voor het smelten van sloopgoud naar fijngoud of fijnzilver, in -en verkoop van al uw edelmetalen. Advies Naast&hellip;\" \/>\n<meta property=\"og:url\" content=\"https:\/\/edelmetaalsm.nl\/de\/\" \/>\n<meta property=\"og:site_name\" content=\"Edelmetaalsm\" \/>\n<meta property=\"article:modified_time\" content=\"2020-02-27T11:48:24+00:00\" \/>\n<meta name=\"twitter:card\" content=\"summary_large_image\" \/>\n<meta name=\"twitter:label1\" content=\"Gesch\u00e4tzte Lesezeit\" \/>\n\t<meta name=\"twitter:data1\" content=\"1\u00a0Minute\" \/>\n<script type=\"application\/ld+json\" class=\"yoast-schema-graph\">{\"@context\":\"https:\/\/schema.org\",\"@graph\":[{\"@type\":\"Organization\",\"@id\":\"https:\/\/edelmetaalsm.nl\/#organization\",\"name\":\"Edelmetaalsm\",\"url\":\"https:\/\/edelmetaalsm.nl\/\",\"sameAs\":[],\"logo\":{\"@type\":\"ImageObject\",\"@id\":\"https:\/\/edelmetaalsm.nl\/#logo\",\"inLanguage\":\"de\",\"url\":\"https:\/\/edelmetaalsm.nl\/wp-content\/uploads\/2020\/02\/logo-1.png\",\"contentUrl\":\"https:\/\/edelmetaalsm.nl\/wp-content\/uploads\/2020\/02\/logo-1.png\",\"width\":464,\"height\":110,\"caption\":\"Edelmetaalsm\"},\"image\":{\"@id\":\"https:\/\/edelmetaalsm.nl\/#logo\"}},{\"@type\":\"WebSite\",\"@id\":\"https:\/\/edelmetaalsm.nl\/#website\",\"url\":\"https:\/\/edelmetaalsm.nl\/\",\"name\":\"Edelmetaalsm\",\"description\":\"het adres voor juweliers en groothandelaren.\",\"publisher\":{\"@id\":\"https:\/\/edelmetaalsm.nl\/#organization\"},\"potentialAction\":[{\"@type\":\"SearchAction\",\"target\":{\"@type\":\"EntryPoint\",\"urlTemplate\":\"https:\/\/edelmetaalsm.nl\/?s={search_term_string}\"},\"query-input\":\"required name=search_term_string\"}],\"inLanguage\":\"de\"},{\"@type\":\"WebPage\",\"@id\":\"https:\/\/edelmetaalsm.nl\/#webpage\",\"url\":\"https:\/\/edelmetaalsm.nl\/\",\"name\":\"Home &raquo; Edelmetaalsm\",\"isPartOf\":{\"@id\":\"https:\/\/edelmetaalsm.nl\/#website\"},\"datePublished\":\"2011-04-08T01:19:36+00:00\",\"dateModified\":\"2020-02-27T11:48:24+00:00\",\"breadcrumb\":{\"@id\":\"https:\/\/edelmetaalsm.nl\/#breadcrumb\"},\"inLanguage\":\"de\",\"potentialAction\":[{\"@type\":\"ReadAction\",\"target\":[\"https:\/\/edelmetaalsm.nl\/\"]}]},{\"@type\":\"BreadcrumbList\",\"@id\":\"https:\/\/edelmetaalsm.nl\/#breadcrumb\",\"itemListElement\":[{\"@type\":\"ListItem\",\"position\":1,\"name\":\"Home\",\"item\":\"https:\/\/edelmetaalsm.nl\/\"},{\"@type\":\"ListItem\",\"position\":2,\"name\":\"Home\"}]}]}<\/script>\n<!-- \/ Yoast SEO plugin. -->","yoast_head_json":{"title":"Home &raquo; Edelmetaalsm","robots":{"index":"index","follow":"follow","max-snippet":"max-snippet:-1","max-image-preview":"max-image-preview:large","max-video-preview":"max-video-preview:-1"},"canonical":"https:\/\/edelmetaalsm.nl\/de\/","og_locale":"de_DE","og_type":"article","og_title":"Home &raquo; Edelmetaalsm","og_description":"Edelmetaal-SM is alleen\u00a0het adres\u00a0voor juweliers en groothandelaren. Wij staan voor: De beste inkoopwaarde Netto-netto prijzen Gratis taxeren Gratis scheiden Directe contante afhandeling ter plaatse Geen smeltkosten Geen extra kosten Bij ons kunt u vast en zeker terecht voor het smelten van sloopgoud naar fijngoud of fijnzilver, in -en verkoop van al uw edelmetalen. Advies Naast&hellip;","og_url":"https:\/\/edelmetaalsm.nl\/de\/","og_site_name":"Edelmetaalsm","article_modified_time":"2020-02-27T11:48:24+00:00","twitter_card":"summary_large_image","twitter_misc":{"Gesch\u00e4tzte Lesezeit":"1\u00a0Minute"},"schema":{"@context":"https:\/\/schema.org","@graph":[{"@type":"Organization","@id":"https:\/\/edelmetaalsm.nl\/#organization","name":"Edelmetaalsm","url":"https:\/\/edelmetaalsm.nl\/","sameAs":[],"logo":{"@type":"ImageObject","@id":"https:\/\/edelmetaalsm.nl\/#logo","inLanguage":"de","url":"https:\/\/edelmetaalsm.nl\/wp-content\/uploads\/2020\/02\/logo-1.png","contentUrl":"https:\/\/edelmetaalsm.nl\/wp-content\/uploads\/2020\/02\/logo-1.png","width":464,"height":110,"caption":"Edelmetaalsm"},"image":{"@id":"https:\/\/edelmetaalsm.nl\/#logo"}},{"@type":"WebSite","@id":"https:\/\/edelmetaalsm.nl\/#website","url":"https:\/\/edelmetaalsm.nl\/","name":"Edelmetaalsm","description":"het adres voor juweliers en groothandelaren.","publisher":{"@id":"https:\/\/edelmetaalsm.nl\/#organization"},"potentialAction":[{"@type":"SearchAction","target":{"@type":"EntryPoint","urlTemplate":"https:\/\/edelmetaalsm.nl\/?s={search_term_string}"},"query-input":"required name=search_term_string"}],"inLanguage":"de"},{"@type":"WebPage","@id":"https:\/\/edelmetaalsm.nl\/#webpage","url":"https:\/\/edelmetaalsm.nl\/","name":"Home &raquo; Edelmetaalsm","isPartOf":{"@id":"https:\/\/edelmetaalsm.nl\/#website"},"datePublished":"2011-04-08T01:19:36+00:00","dateModified":"2020-02-27T11:48:24+00:00","breadcrumb":{"@id":"https:\/\/edelmetaalsm.nl\/#breadcrumb"},"inLanguage":"de","potentialAction":[{"@type":"ReadAction","target":["https:\/\/edelmetaalsm.nl\/"]}]},{"@type":"BreadcrumbList","@id":"https:\/\/edelmetaalsm.nl\/#breadcrumb","itemListElement":[{"@type":"ListItem","position":1,"name":"Home","item":"https:\/\/edelmetaalsm.nl\/"},{"@type":"ListItem","position":2,"name":"Home"}]}]}},"_links":{"self":[{"href":"https:\/\/edelmetaalsm.nl\/de\/wp-json\/wp\/v2\/pages\/222"}],"collection":[{"href":"https:\/\/edelmetaalsm.nl\/de\/wp-json\/wp\/v2\/pages"}],"about":[{"href":"https:\/\/edelmetaalsm.nl\/de\/wp-json\/wp\/v2\/types\/page"}],"author":[{"embeddable":true,"href":"https:\/\/edelmetaalsm.nl\/de\/wp-json\/wp\/v2\/users\/1"}],"replies":[{"embeddable":true,"href":"https:\/\/edelmetaalsm.nl\/de\/wp-json\/wp\/v2\/comments?post=222"}],"version-history":[{"count":18,"href":"https:\/\/edelmetaalsm.nl\/de\/wp-json\/wp\/v2\/pages\/222\/revisions"}],"predecessor-version":[{"id":575,"href":"https:\/\/edelmetaalsm.nl\/de\/wp-json\/wp\/v2\/pages\/222\/revisions\/575"}],"wp:attachment":[{"href":"https:\/\/edelmetaalsm.nl\/de\/wp-json\/wp\/v2\/media?parent=222"}],"curies":[{"name":"wp","href":"https:\/\/api.w.org\/{rel}","templated":true}]}}